{"id":442,"date":"2024-06-10T20:49:42","date_gmt":"2024-06-10T20:49:42","guid":{"rendered":"https:\/\/mexicoformandocampeones.org\/?page_id=442"},"modified":"2025-09-04T21:08:51","modified_gmt":"2025-09-04T21:08:51","slug":"apoyos","status":"publish","type":"page","link":"https:\/\/mexicoformandocampeones.org\/index.php\/apoyos\/","title":{"rendered":"APOYOS"},"content":{"rendered":"\n<figure class=\"wp-block-video aligncenter\"><video height=\"1280\" style=\"aspect-ratio: 720 \/ 1280;\" width=\"720\" controls src=\"https:\/\/mexicoformandocampeones.org\/wp-content\/uploads\/2025\/09\/WhatsApp-Video-2025-09-04-at-1.21.04-PM-2.mp4\"><\/video><\/figure>\n\n\n\n<figure class=\"wp-block-video aligncenter\"><video height=\"848\" style=\"aspect-ratio: 480 \/ 848;\" width=\"480\" controls src=\"https:\/\/mexicoformandocampeones.org\/wp-content\/uploads\/2024\/09\/WhatsApp-Video-2024-09-05-at-3.43.09-PM.mp4\"><\/video><\/figure>\n\n\n\n<figure class=\"wp-block-video aligncenter\"><video height=\"1280\" style=\"aspect-ratio: 720 \/ 1280;\" width=\"720\" controls src=\"https:\/\/mexicoformandocampeones.org\/wp-content\/uploads\/2025\/09\/WhatsApp-Video-2025-09-04-at-1.21.04-PM-1.mp4\"><\/video><\/figure>\n\n\n\n<figure class=\"wp-block-video aligncenter\"><video height=\"1280\" style=\"aspect-ratio: 720 \/ 1280;\" width=\"720\" controls src=\"https:\/\/mexicoformandocampeones.org\/wp-content\/uploads\/2025\/09\/WhatsApp-Video-2025-09-04-at-1.21.04-PM.mp4\"><\/video><\/figure>\n\n\n\n<figure class=\"wp-block-video aligncenter\"><video height=\"1280\" style=\"aspect-ratio: 720 \/ 1280;\" width=\"720\" controls src=\"https:\/\/mexicoformandocampeones.org\/wp-content\/uploads\/2025\/09\/WhatsApp-Video-2025-09-04-at-1.21.04-PM-3.mp4\"><\/video><\/figure>\n\n\n\n<figure class=\"wp-block-video aligncenter\"><video height=\"848\" style=\"aspect-ratio: 480 \/ 848;\" width=\"480\" controls src=\"https:\/\/mexicoformandocampeones.org\/wp-content\/uploads\/2024\/07\/WhatsApp-Video-2024-07-01-at-3.00.42-PM.mp4\"><\/video><\/figure>\n\n\n\n<p>Donaci\u00f3n de un par de tenis y short deportivo para el deportista de Paraatletismo Ricardo en Tec\u00e1mac, EDOMEX.<\/p>\n\n\n\n<figure class=\"wp-block-gallery has-nested-images columns-default is-cropped wp-block-gallery-1 is-layout-flex wp-block-gallery-is-layout-flex\">\n<figure class=\"wp-block-image aligncenter size-large\"><img loading=\"lazy\" decoding=\"async\" width=\"768\" height=\"1024\" data-id=\"554\" src=\"https:\/\/mexicoformandocampeones.org\/wp-content\/uploads\/2024\/06\/WhatsApp-Image-2024-06-25-at-11.58.02-AM-768x1024.jpeg\" alt=\"\" class=\"wp-image-554\" srcset=\"https:\/\/mexicoformandocampeones.org\/wp-content\/uploads\/2024\/06\/WhatsApp-Image-2024-06-25-at-11.58.02-AM-768x1024.jpeg 768w, https:\/\/mexicoformandocampeones.org\/wp-content\/uploads\/2024\/06\/WhatsApp-Image-2024-06-25-at-11.58.02-AM-225x300.jpeg 225w, https:\/\/mexicoformandocampeones.org\/wp-content\/uploads\/2024\/06\/WhatsApp-Image-2024-06-25-at-11.58.02-AM.jpeg 960w\" sizes=\"auto, (max-width: 768px) 100vw, 768px\" \/><\/figure>\n<\/figure>\n\n\n\n<p><strong>Entrega de una silla de ruedas la Sr. Salvador Morales en Xalapa, Veracruz. <\/strong><\/p>\n\n\n\n<figure class=\"wp-block-gallery has-nested-images columns-default is-cropped wp-block-gallery-2 is-layout-flex wp-block-gallery-is-layout-flex\">\n<figure class=\"wp-block-image size-large\"><img loading=\"lazy\" decoding=\"async\" width=\"1024\" height=\"575\" data-id=\"540\" src=\"https:\/\/mexicoformandocampeones.org\/wp-content\/uploads\/2024\/06\/WhatsApp-Image-2024-06-24-at-3.11.24-PM-1024x575.jpeg\" alt=\"\" class=\"wp-image-540\" srcset=\"https:\/\/mexicoformandocampeones.org\/wp-content\/uploads\/2024\/06\/WhatsApp-Image-2024-06-24-at-3.11.24-PM-1024x575.jpeg 1024w, https:\/\/mexicoformandocampeones.org\/wp-content\/uploads\/2024\/06\/WhatsApp-Image-2024-06-24-at-3.11.24-PM-300x168.jpeg 300w, https:\/\/mexicoformandocampeones.org\/wp-content\/uploads\/2024\/06\/WhatsApp-Image-2024-06-24-at-3.11.24-PM-768x431.jpeg 768w, https:\/\/mexicoformandocampeones.org\/wp-content\/uploads\/2024\/06\/WhatsApp-Image-2024-06-24-at-3.11.24-PM.jpeg 1170w\" sizes=\"auto, (max-width: 1024px) 100vw, 1024px\" \/><\/figure>\n<\/figure>\n\n\n\n<p>Apoyo de un par de tenis para el deportista de Paraatletismo Hetore Valderrama en Tec\u00e1mac, EDOMEX<\/p>\n\n\n\n<figure class=\"wp-block-image aligncenter size-large\"><img loading=\"lazy\" decoding=\"async\" width=\"623\" height=\"1024\" src=\"https:\/\/mexicoformandocampeones.org\/wp-content\/uploads\/2024\/06\/WhatsApp-Image-2024-06-24-at-3.11.26-PM-623x1024.jpeg\" alt=\"\" class=\"wp-image-542\" srcset=\"https:\/\/mexicoformandocampeones.org\/wp-content\/uploads\/2024\/06\/WhatsApp-Image-2024-06-24-at-3.11.26-PM-623x1024.jpeg 623w, https:\/\/mexicoformandocampeones.org\/wp-content\/uploads\/2024\/06\/WhatsApp-Image-2024-06-24-at-3.11.26-PM-183x300.jpeg 183w, https:\/\/mexicoformandocampeones.org\/wp-content\/uploads\/2024\/06\/WhatsApp-Image-2024-06-24-at-3.11.26-PM-768x1262.jpeg 768w, https:\/\/mexicoformandocampeones.org\/wp-content\/uploads\/2024\/06\/WhatsApp-Image-2024-06-24-at-3.11.26-PM.jpeg 929w\" sizes=\"auto, (max-width: 623px) 100vw, 623px\" \/><\/figure>\n\n\n\n<p>Apoyo de un par de tenis para el deportista de Paraateltismo Luigui Valderrama en Tec\u00e1mac, EDOMEX. <\/p>\n\n\n\n<figure class=\"wp-block-gallery has-nested-images columns-default is-cropped wp-block-gallery-3 is-layout-flex wp-block-gallery-is-layout-flex\">\n<figure class=\"wp-block-image aligncenter size-large\"><img loading=\"lazy\" decoding=\"async\" width=\"1024\" height=\"1024\" data-id=\"543\" src=\"https:\/\/mexicoformandocampeones.org\/wp-content\/uploads\/2024\/06\/WhatsApp-Image-2024-06-24-at-3.11.27-PM-1024x1024.jpeg\" alt=\"\" class=\"wp-image-543\" srcset=\"https:\/\/mexicoformandocampeones.org\/wp-content\/uploads\/2024\/06\/WhatsApp-Image-2024-06-24-at-3.11.27-PM-1024x1024.jpeg 1024w, https:\/\/mexicoformandocampeones.org\/wp-content\/uploads\/2024\/06\/WhatsApp-Image-2024-06-24-at-3.11.27-PM-300x300.jpeg 300w, https:\/\/mexicoformandocampeones.org\/wp-content\/uploads\/2024\/06\/WhatsApp-Image-2024-06-24-at-3.11.27-PM-150x150.jpeg 150w, https:\/\/mexicoformandocampeones.org\/wp-content\/uploads\/2024\/06\/WhatsApp-Image-2024-06-24-at-3.11.27-PM-768x768.jpeg 768w, https:\/\/mexicoformandocampeones.org\/wp-content\/uploads\/2024\/06\/WhatsApp-Image-2024-06-24-at-3.11.27-PM.jpeg 1080w\" sizes=\"auto, (max-width: 1024px) 100vw, 1024px\" \/><\/figure>\n<\/figure>\n\n\n\n<p>Donaci\u00f3n para el apoyo a los ni\u00f1os con C\u00e1ncer en Xalapa, Ver. <\/p>\n\n\n\n<figure class=\"wp-block-gallery has-nested-images columns-default is-cropped wp-block-gallery-4 is-layout-flex wp-block-gallery-is-layout-flex\">\n<figure class=\"wp-block-image aligncenter size-large\"><img loading=\"lazy\" decoding=\"async\" width=\"632\" height=\"1024\" data-id=\"544\" src=\"https:\/\/mexicoformandocampeones.org\/wp-content\/uploads\/2024\/06\/WhatsApp-Image-2024-06-24-at-3.11.25-PM-632x1024.jpeg\" alt=\"\" class=\"wp-image-544\" srcset=\"https:\/\/mexicoformandocampeones.org\/wp-content\/uploads\/2024\/06\/WhatsApp-Image-2024-06-24-at-3.11.25-PM-632x1024.jpeg 632w, https:\/\/mexicoformandocampeones.org\/wp-content\/uploads\/2024\/06\/WhatsApp-Image-2024-06-24-at-3.11.25-PM-185x300.jpeg 185w, https:\/\/mexicoformandocampeones.org\/wp-content\/uploads\/2024\/06\/WhatsApp-Image-2024-06-24-at-3.11.25-PM-768x1244.jpeg 768w, https:\/\/mexicoformandocampeones.org\/wp-content\/uploads\/2024\/06\/WhatsApp-Image-2024-06-24-at-3.11.25-PM.jpeg 914w\" sizes=\"auto, (max-width: 632px) 100vw, 632px\" \/><\/figure>\n<\/figure>\n\n\n\n<p>Donaci\u00f3n de un par de tenis para el Atleta de Alto Rendimiento en la especialidad de Marcha Atl\u00e9tica Emiliano en Tepetitl\u00e1n, Jalisco. <\/p>\n\n\n\n<div class=\"wp-block-columns is-layout-flex wp-container-core-columns-is-layout-28f84493 wp-block-columns-is-layout-flex\">\n<div class=\"wp-block-column is-layout-flow wp-block-column-is-layout-flow\">\n<figure class=\"wp-block-image size-large\"><img loading=\"lazy\" decoding=\"async\" width=\"768\" height=\"1024\" src=\"https:\/\/mexicoformandocampeones.org\/wp-content\/uploads\/2025\/09\/WhatsApp-Image-2025-09-04-at-1.52.50-PM-8-768x1024.jpeg\" alt=\"\" class=\"wp-image-694\" srcset=\"https:\/\/mexicoformandocampeones.org\/wp-content\/uploads\/2025\/09\/WhatsApp-Image-2025-09-04-at-1.52.50-PM-8-768x1024.jpeg 768w, https:\/\/mexicoformandocampeones.org\/wp-content\/uploads\/2025\/09\/WhatsApp-Image-2025-09-04-at-1.52.50-PM-8-225x300.jpeg 225w, https:\/\/mexicoformandocampeones.org\/wp-content\/uploads\/2025\/09\/WhatsApp-Image-2025-09-04-at-1.52.50-PM-8-1152x1536.jpeg 1152w, https:\/\/mexicoformandocampeones.org\/wp-content\/uploads\/2025\/09\/WhatsApp-Image-2025-09-04-at-1.52.50-PM-8.jpeg 1200w\" sizes=\"auto, (max-width: 768px) 100vw, 768px\" \/><\/figure>\n<\/div>\n\n\n\n<div class=\"wp-block-column is-layout-flow wp-block-column-is-layout-flow\">\n<figure class=\"wp-block-image size-large\"><img loading=\"lazy\" decoding=\"async\" width=\"768\" height=\"1024\" src=\"https:\/\/mexicoformandocampeones.org\/wp-content\/uploads\/2025\/09\/WhatsApp-Image-2025-09-04-at-1.52.50-PM-5-768x1024.jpeg\" alt=\"\" class=\"wp-image-695\" srcset=\"https:\/\/mexicoformandocampeones.org\/wp-content\/uploads\/2025\/09\/WhatsApp-Image-2025-09-04-at-1.52.50-PM-5-768x1024.jpeg 768w, https:\/\/mexicoformandocampeones.org\/wp-content\/uploads\/2025\/09\/WhatsApp-Image-2025-09-04-at-1.52.50-PM-5-225x300.jpeg 225w, https:\/\/mexicoformandocampeones.org\/wp-content\/uploads\/2025\/09\/WhatsApp-Image-2025-09-04-at-1.52.50-PM-5-1152x1536.jpeg 1152w, https:\/\/mexicoformandocampeones.org\/wp-content\/uploads\/2025\/09\/WhatsApp-Image-2025-09-04-at-1.52.50-PM-5.jpeg 1200w\" sizes=\"auto, (max-width: 768px) 100vw, 768px\" \/><\/figure>\n<\/div>\n<\/div>\n\n\n\n<p class=\"has-text-align-center\"><strong>Entrega de alimento para perro y gato en el Refugio Huellitas MX. <\/strong><\/p>\n\n\n\n<div class=\"wp-block-columns is-layout-flex wp-container-core-columns-is-layout-28f84493 wp-block-columns-is-layout-flex\">\n<div class=\"wp-block-column is-layout-flow wp-block-column-is-layout-flow\">\n<figure class=\"wp-block-image size-large\"><img loading=\"lazy\" decoding=\"async\" width=\"1024\" height=\"768\" src=\"https:\/\/mexicoformandocampeones.org\/wp-content\/uploads\/2025\/09\/WhatsApp-Image-2025-09-04-at-1.52.50-PM-4-1024x768.jpeg\" alt=\"\" class=\"wp-image-696\" srcset=\"https:\/\/mexicoformandocampeones.org\/wp-content\/uploads\/2025\/09\/WhatsApp-Image-2025-09-04-at-1.52.50-PM-4-1024x768.jpeg 1024w, https:\/\/mexicoformandocampeones.org\/wp-content\/uploads\/2025\/09\/WhatsApp-Image-2025-09-04-at-1.52.50-PM-4-300x225.jpeg 300w, https:\/\/mexicoformandocampeones.org\/wp-content\/uploads\/2025\/09\/WhatsApp-Image-2025-09-04-at-1.52.50-PM-4-768x576.jpeg 768w, https:\/\/mexicoformandocampeones.org\/wp-content\/uploads\/2025\/09\/WhatsApp-Image-2025-09-04-at-1.52.50-PM-4-1536x1152.jpeg 1536w, https:\/\/mexicoformandocampeones.org\/wp-content\/uploads\/2025\/09\/WhatsApp-Image-2025-09-04-at-1.52.50-PM-4.jpeg 1600w\" sizes=\"auto, (max-width: 1024px) 100vw, 1024px\" \/><\/figure>\n<\/div>\n\n\n\n<div class=\"wp-block-column is-layout-flow wp-block-column-is-layout-flow\">\n<figure class=\"wp-block-image aligncenter size-full is-resized\"><img loading=\"lazy\" decoding=\"async\" width=\"804\" height=\"977\" src=\"https:\/\/mexicoformandocampeones.org\/wp-content\/uploads\/2025\/09\/WhatsApp-Image-2025-09-04-at-1.52.50-PM-3.jpeg\" alt=\"\" class=\"wp-image-697\" style=\"width:340px;height:auto\" srcset=\"https:\/\/mexicoformandocampeones.org\/wp-content\/uploads\/2025\/09\/WhatsApp-Image-2025-09-04-at-1.52.50-PM-3.jpeg 804w, https:\/\/mexicoformandocampeones.org\/wp-content\/uploads\/2025\/09\/WhatsApp-Image-2025-09-04-at-1.52.50-PM-3-247x300.jpeg 247w, https:\/\/mexicoformandocampeones.org\/wp-content\/uploads\/2025\/09\/WhatsApp-Image-2025-09-04-at-1.52.50-PM-3-768x933.jpeg 768w\" sizes=\"auto, (max-width: 804px) 100vw, 804px\" \/><\/figure>\n<\/div>\n<\/div>\n\n\n\n<div class=\"wp-block-columns is-layout-flex wp-container-core-columns-is-layout-28f84493 wp-block-columns-is-layout-flex\">\n<div class=\"wp-block-column is-layout-flow wp-block-column-is-layout-flow\">\n<figure class=\"wp-block-image size-large\"><img loading=\"lazy\" decoding=\"async\" width=\"771\" height=\"1024\" src=\"https:\/\/mexicoformandocampeones.org\/wp-content\/uploads\/2025\/09\/WhatsApp-Image-2025-09-04-at-1.52.50-PM-6-771x1024.jpeg\" alt=\"\" class=\"wp-image-698\" srcset=\"https:\/\/mexicoformandocampeones.org\/wp-content\/uploads\/2025\/09\/WhatsApp-Image-2025-09-04-at-1.52.50-PM-6-771x1024.jpeg 771w, https:\/\/mexicoformandocampeones.org\/wp-content\/uploads\/2025\/09\/WhatsApp-Image-2025-09-04-at-1.52.50-PM-6-226x300.jpeg 226w, https:\/\/mexicoformandocampeones.org\/wp-content\/uploads\/2025\/09\/WhatsApp-Image-2025-09-04-at-1.52.50-PM-6-768x1021.jpeg 768w, https:\/\/mexicoformandocampeones.org\/wp-content\/uploads\/2025\/09\/WhatsApp-Image-2025-09-04-at-1.52.50-PM-6-1156x1536.jpeg 1156w, https:\/\/mexicoformandocampeones.org\/wp-content\/uploads\/2025\/09\/WhatsApp-Image-2025-09-04-at-1.52.50-PM-6.jpeg 1204w\" sizes=\"auto, (max-width: 771px) 100vw, 771px\" \/><\/figure>\n<\/div>\n\n\n\n<div class=\"wp-block-column is-layout-flow wp-block-column-is-layout-flow\">\n<figure class=\"wp-block-image size-large\"><img loading=\"lazy\" decoding=\"async\" width=\"768\" height=\"1024\" src=\"https:\/\/mexicoformandocampeones.org\/wp-content\/uploads\/2025\/09\/WhatsApp-Image-2025-09-04-at-1.52.50-PM-1-768x1024.jpeg\" alt=\"\" class=\"wp-image-699\" srcset=\"https:\/\/mexicoformandocampeones.org\/wp-content\/uploads\/2025\/09\/WhatsApp-Image-2025-09-04-at-1.52.50-PM-1-768x1024.jpeg 768w, https:\/\/mexicoformandocampeones.org\/wp-content\/uploads\/2025\/09\/WhatsApp-Image-2025-09-04-at-1.52.50-PM-1-225x300.jpeg 225w, https:\/\/mexicoformandocampeones.org\/wp-content\/uploads\/2025\/09\/WhatsApp-Image-2025-09-04-at-1.52.50-PM-1.jpeg 960w\" sizes=\"auto, (max-width: 768px) 100vw, 768px\" \/><\/figure>\n<\/div>\n<\/div>\n\n\n\n<p>Entrega de suplemento alimenticio PediaSuere para la ni\u00f1a Fernanda S. , quien padece una enfermedad en el intestino grueso y delgado. <\/p>\n\n\n\n<figure class=\"wp-block-image aligncenter size-large\"><img loading=\"lazy\" decoding=\"async\" width=\"1024\" height=\"768\" src=\"https:\/\/mexicoformandocampeones.org\/wp-content\/uploads\/2025\/09\/WhatsApp-Image-2025-09-04-at-1.52.50-PM-2-1024x768.jpeg\" alt=\"\" class=\"wp-image-700\" srcset=\"https:\/\/mexicoformandocampeones.org\/wp-content\/uploads\/2025\/09\/WhatsApp-Image-2025-09-04-at-1.52.50-PM-2-1024x768.jpeg 1024w, https:\/\/mexicoformandocampeones.org\/wp-content\/uploads\/2025\/09\/WhatsApp-Image-2025-09-04-at-1.52.50-PM-2-300x225.jpeg 300w, https:\/\/mexicoformandocampeones.org\/wp-content\/uploads\/2025\/09\/WhatsApp-Image-2025-09-04-at-1.52.50-PM-2-768x576.jpeg 768w, https:\/\/mexicoformandocampeones.org\/wp-content\/uploads\/2025\/09\/WhatsApp-Image-2025-09-04-at-1.52.50-PM-2-1536x1152.jpeg 1536w, https:\/\/mexicoformandocampeones.org\/wp-content\/uploads\/2025\/09\/WhatsApp-Image-2025-09-04-at-1.52.50-PM-2.jpeg 1600w\" sizes=\"auto, (max-width: 1024px) 100vw, 1024px\" \/><\/figure>\n\n\n\n<p class=\"has-text-align-center\">Entrega de despensa para el Refugio Cristianos para personas en situaci\u00f3n de calle, discapacidad y adicciones. <\/p>\n\n\n\n<figure class=\"wp-block-image aligncenter size-large\"><img loading=\"lazy\" decoding=\"async\" width=\"1024\" height=\"768\" src=\"https:\/\/mexicoformandocampeones.org\/wp-content\/uploads\/2025\/09\/WhatsApp-Image-2025-09-04-at-2.11.59-PM-4-1024x768.jpeg\" alt=\"\" class=\"wp-image-718\" srcset=\"https:\/\/mexicoformandocampeones.org\/wp-content\/uploads\/2025\/09\/WhatsApp-Image-2025-09-04-at-2.11.59-PM-4-1024x768.jpeg 1024w, https:\/\/mexicoformandocampeones.org\/wp-content\/uploads\/2025\/09\/WhatsApp-Image-2025-09-04-at-2.11.59-PM-4-300x225.jpeg 300w, https:\/\/mexicoformandocampeones.org\/wp-content\/uploads\/2025\/09\/WhatsApp-Image-2025-09-04-at-2.11.59-PM-4-768x576.jpeg 768w, https:\/\/mexicoformandocampeones.org\/wp-content\/uploads\/2025\/09\/WhatsApp-Image-2025-09-04-at-2.11.59-PM-4-1536x1152.jpeg 1536w, https:\/\/mexicoformandocampeones.org\/wp-content\/uploads\/2025\/09\/WhatsApp-Image-2025-09-04-at-2.11.59-PM-4.jpeg 1600w\" sizes=\"auto, (max-width: 1024px) 100vw, 1024px\" \/><\/figure>\n\n\n\n<p class=\"has-text-align-center\">Donaci\u00f3n de Material Deportivo para la Escuela Secundaria de Teotihuacan.  <\/p>\n\n\n\n<figure class=\"wp-block-image aligncenter size-large is-resized\"><img loading=\"lazy\" decoding=\"async\" width=\"768\" height=\"1024\" src=\"https:\/\/mexicoformandocampeones.org\/wp-content\/uploads\/2025\/09\/WhatsApp-Image-2025-09-04-at-2.11.59-PM-3-1-768x1024.jpeg\" alt=\"\" class=\"wp-image-719\" style=\"width:785px;height:auto\" srcset=\"https:\/\/mexicoformandocampeones.org\/wp-content\/uploads\/2025\/09\/WhatsApp-Image-2025-09-04-at-2.11.59-PM-3-1-768x1024.jpeg 768w, https:\/\/mexicoformandocampeones.org\/wp-content\/uploads\/2025\/09\/WhatsApp-Image-2025-09-04-at-2.11.59-PM-3-1-225x300.jpeg 225w, https:\/\/mexicoformandocampeones.org\/wp-content\/uploads\/2025\/09\/WhatsApp-Image-2025-09-04-at-2.11.59-PM-3-1.jpeg 960w\" sizes=\"auto, (max-width: 768px) 100vw, 768px\" \/><\/figure>\n\n\n\n<p class=\"has-text-align-center\">Donaci\u00f3n de dulces para la Parroquia San Pablo, para el d\u00eda del ni\u00f1o.  <\/p>\n\n\n\n<p><\/p>\n","protected":false},"excerpt":{"rendered":"<p>Donaci\u00f3n de un par de tenis y short deportivo para el deportista de Paraatletismo Ricardo en Tec\u00e1mac, EDOMEX. Entrega de [&hellip;]<\/p>\n","protected":false},"author":1,"featured_media":0,"parent":0,"menu_order":0,"comment_status":"closed","ping_status":"closed","template":"","meta":{"content-type":"","site-sidebar-layout":"default","site-content-layout":"","ast-site-content-layout":"","site-content-style":"default","site-sidebar-style":"default","ast-global-header-display":"","ast-banner-title-visibility":"","ast-main-header-display":"","ast-hfb-above-header-display":"","ast-hfb-below-header-display":"","ast-hfb-mobile-header-display":"","site-post-title":"","ast-breadcrumbs-content":"","ast-featured-img":"","footer-sml-layout":"","theme-transparent-header-meta":"","adv-header-id-meta":"","stick-header-meta":"","header-above-stick-meta":"","header-main-stick-meta":"","header-below-stick-meta":"","astra-migrate-meta-layouts":"default","ast-page-background-enabled":"default","ast-page-background-meta":{"desktop":{"background-color":"var(--ast-global-color-4)","background-image":"","background-repeat":"repeat","background-position":"center center","background-size":"auto","background-attachment":"scroll","background-type":"","background-media":"","overlay-type":"","overlay-color":"","overlay-gradient":""},"tablet":{"background-color":"","background-image":"","background-repeat":"repeat","background-position":"center center","background-size":"auto","background-attachment":"scroll","background-type":"","background-media":"","overlay-type":"","overlay-color":"","overlay-gradient":""},"mobile":{"background-color":"","background-image":"","background-repeat":"repeat","background-position":"center center","background-size":"auto","background-attachment":"scroll","background-type":"","background-media":"","overlay-type":"","overlay-color":"","overlay-gradient":""}},"ast-content-background-meta":{"desktop":{"background-color":"var(--ast-global-color-5)","background-image":"","background-repeat":"repeat","background-position":"center center","background-size":"auto","background-attachment":"scroll","background-type":"","background-media":"","overlay-type":"","overlay-color":"","overlay-gradient":""},"tablet":{"background-color":"var(--ast-global-color-5)","background-image":"","background-repeat":"repeat","background-position":"center center","background-size":"auto","background-attachment":"scroll","background-type":"","background-media":"","overlay-type":"","overlay-color":"","overlay-gradient":""},"mobile":{"background-color":"var(--ast-global-color-5)","background-image":"","background-repeat":"repeat","background-position":"center center","background-size":"auto","background-attachment":"scroll","background-type":"","background-media":"","overlay-type":"","overlay-color":"","overlay-gradient":""}},"footnotes":""},"class_list":["post-442","page","type-page","status-publish","hentry"],"_links":{"self":[{"href":"https:\/\/mexicoformandocampeones.org\/index.php\/wp-json\/wp\/v2\/pages\/442","targetHints":{"allow":["GET"]}}],"collection":[{"href":"https:\/\/mexicoformandocampeones.org\/index.php\/wp-json\/wp\/v2\/pages"}],"about":[{"href":"https:\/\/mexicoformandocampeones.org\/index.php\/wp-json\/wp\/v2\/types\/page"}],"author":[{"embeddable":true,"href":"https:\/\/mexicoformandocampeones.org\/index.php\/wp-json\/wp\/v2\/users\/1"}],"replies":[{"embeddable":true,"href":"https:\/\/mexicoformandocampeones.org\/index.php\/wp-json\/wp\/v2\/comments?post=442"}],"version-history":[{"count":8,"href":"https:\/\/mexicoformandocampeones.org\/index.php\/wp-json\/wp\/v2\/pages\/442\/revisions"}],"predecessor-version":[{"id":720,"href":"https:\/\/mexicoformandocampeones.org\/index.php\/wp-json\/wp\/v2\/pages\/442\/revisions\/720"}],"wp:attachment":[{"href":"https:\/\/mexicoformandocampeones.org\/index.php\/wp-json\/wp\/v2\/media?parent=442"}],"curies":[{"name":"wp","href":"https:\/\/api.w.org\/{rel}","templated":true}]}}