{"id":350,"date":"2024-05-30T21:56:10","date_gmt":"2024-05-30T21:56:10","guid":{"rendered":"https:\/\/mexicoformandocampeones.org\/?page_id=350"},"modified":"2024-09-23T00:25:55","modified_gmt":"2024-09-23T00:25:55","slug":"resultados","status":"publish","type":"page","link":"https:\/\/mexicoformandocampeones.org\/index.php\/resultados\/","title":{"rendered":"RESULTADOS"},"content":{"rendered":"\n<div data-wp-interactive=\"core\/file\" class=\"wp-block-file aligncenter\"><object data-wp-bind--hidden=\"!state.hasPdfPreview\" hidden class=\"wp-block-file__embed\" data=\"https:\/\/mexicoformandocampeones.org\/wp-content\/uploads\/2024\/09\/Memoria-2a-Copa-de-Natacion-Mexico-Formando-Campeones-2024-1.pdf\" type=\"application\/pdf\" style=\"width:100%;height:600px\" aria-label=\"Incrustado de Memoria 2\u00aa Copa de Nataci\u00f3n M\u00e9xico Formando Campeones 2024.\"><\/object><a id=\"wp-block-file--media-b04a0ff0-8492-468f-9e3d-71d35605cdf0\" href=\"https:\/\/mexicoformandocampeones.org\/wp-content\/uploads\/2024\/09\/Memoria-2a-Copa-de-Natacion-Mexico-Formando-Campeones-2024-1.pdf\">Memoria 2\u00aa Copa de Nataci\u00f3n M\u00e9xico Formando Campeones 2024<\/a><a href=\"https:\/\/mexicoformandocampeones.org\/wp-content\/uploads\/2024\/09\/Memoria-2a-Copa-de-Natacion-Mexico-Formando-Campeones-2024-1.pdf\" class=\"wp-block-file__button wp-element-button\" download aria-describedby=\"wp-block-file--media-b04a0ff0-8492-468f-9e3d-71d35605cdf0\">Descarga<\/a><\/div>\n\n\n\n<div data-wp-interactive=\"core\/file\" class=\"wp-block-file\"><object data-wp-bind--hidden=\"!state.hasPdfPreview\" hidden class=\"wp-block-file__embed\" data=\"https:\/\/mexicoformandocampeones.org\/wp-content\/uploads\/2024\/09\/Sumario-2a-Copa-de-Natacion-Mexico-Formando-Campeones-2024-1.pdf\" type=\"application\/pdf\" style=\"width:100%;height:600px\" aria-label=\"Incrustado de Sumario 2\u00aa Copa de Nataci\u00f3n M\u00e9xico Formando Campeones 2024 (1).\"><\/object><a id=\"wp-block-file--media-da66f950-2123-473c-8ab0-bc9e83510630\" href=\"https:\/\/mexicoformandocampeones.org\/wp-content\/uploads\/2024\/09\/Sumario-2a-Copa-de-Natacion-Mexico-Formando-Campeones-2024-1.pdf\">Sumario 2\u00aa Copa de Nataci\u00f3n M\u00e9xico Formando Campeones 2024 (1)<\/a><a href=\"https:\/\/mexicoformandocampeones.org\/wp-content\/uploads\/2024\/09\/Sumario-2a-Copa-de-Natacion-Mexico-Formando-Campeones-2024-1.pdf\" class=\"wp-block-file__button wp-element-button\" download aria-describedby=\"wp-block-file--media-da66f950-2123-473c-8ab0-bc9e83510630\">Descarga<\/a><\/div>\n\n\n\n<div data-wp-interactive=\"core\/file\" class=\"wp-block-file\"><object data-wp-bind--hidden=\"!state.hasPdfPreview\" hidden class=\"wp-block-file__embed\" data=\"https:\/\/mexicoformandocampeones.org\/wp-content\/uploads\/2024\/09\/Sumario-2a-Copa-de-Natacion-Mexico-Formando-Campeones-2024-2.pdf\" type=\"application\/pdf\" style=\"width:100%;height:600px\" aria-label=\"Incrustado de Sumario 2\u00aa Copa de Nataci\u00f3n M\u00e9xico Formando Campeones 2024 (2).\"><\/object><a id=\"wp-block-file--media-3f3cfaaa-7396-4525-b4b7-de59d08cd1c3\" href=\"https:\/\/mexicoformandocampeones.org\/wp-content\/uploads\/2024\/09\/Sumario-2a-Copa-de-Natacion-Mexico-Formando-Campeones-2024-2.pdf\">Sumario 2\u00aa Copa de Nataci\u00f3n M\u00e9xico Formando Campeones 2024 (2)<\/a><a href=\"https:\/\/mexicoformandocampeones.org\/wp-content\/uploads\/2024\/09\/Sumario-2a-Copa-de-Natacion-Mexico-Formando-Campeones-2024-2.pdf\" class=\"wp-block-file__button wp-element-button\" download aria-describedby=\"wp-block-file--media-3f3cfaaa-7396-4525-b4b7-de59d08cd1c3\">Descarga<\/a><\/div>\n\n\n\n<div data-wp-interactive=\"core\/file\" class=\"wp-block-file\"><object data-wp-bind--hidden=\"!state.hasPdfPreview\" hidden class=\"wp-block-file__embed\" data=\"https:\/\/mexicoformandocampeones.org\/wp-content\/uploads\/2024\/09\/Sumario-2a-Copa-de-Natacion-Mexico-Formando-Campeones-2024-3.pdf\" type=\"application\/pdf\" style=\"width:100%;height:600px\" aria-label=\"Incrustado de Sumario 2\u00aa Copa de Nataci\u00f3n M\u00e9xico Formando Campeones 2024 (3).\"><\/object><a id=\"wp-block-file--media-7fc37e00-c434-4ae2-965d-f97ed2b59113\" href=\"https:\/\/mexicoformandocampeones.org\/wp-content\/uploads\/2024\/09\/Sumario-2a-Copa-de-Natacion-Mexico-Formando-Campeones-2024-3.pdf\">Sumario 2\u00aa Copa de Nataci\u00f3n M\u00e9xico Formando Campeones 2024 (3)<\/a><a href=\"https:\/\/mexicoformandocampeones.org\/wp-content\/uploads\/2024\/09\/Sumario-2a-Copa-de-Natacion-Mexico-Formando-Campeones-2024-3.pdf\" class=\"wp-block-file__button wp-element-button\" download aria-describedby=\"wp-block-file--media-7fc37e00-c434-4ae2-965d-f97ed2b59113\">Descarga<\/a><\/div>\n\n\n\n<div data-wp-interactive=\"core\/file\" class=\"wp-block-file\"><object data-wp-bind--hidden=\"!state.hasPdfPreview\" hidden class=\"wp-block-file__embed\" data=\"https:\/\/mexicoformandocampeones.org\/wp-content\/uploads\/2024\/06\/Caminata-5k.pdf\" type=\"application\/pdf\" style=\"width:100%;height:600px\" aria-label=\"Incrustado de Caminata-5k.\"><\/object><a id=\"wp-block-file--media-5f6ee1a2-390e-4072-bdd5-254237e84a33\" href=\"https:\/\/mexicoformandocampeones.org\/wp-content\/uploads\/2024\/06\/Caminata-5k.pdf\">Caminata-5k<\/a><a href=\"https:\/\/mexicoformandocampeones.org\/wp-content\/uploads\/2024\/06\/Caminata-5k.pdf\" class=\"wp-block-file__button wp-element-button\" download aria-describedby=\"wp-block-file--media-5f6ee1a2-390e-4072-bdd5-254237e84a33\">Descarga<\/a><\/div>\n\n\n\n<div data-wp-interactive=\"core\/file\" class=\"wp-block-file\"><object data-wp-bind--hidden=\"!state.hasPdfPreview\" hidden class=\"wp-block-file__embed\" data=\"https:\/\/mexicoformandocampeones.org\/wp-content\/uploads\/2024\/06\/Caminata-master-2024-MEDALLERO-1.pdf\" type=\"application\/pdf\" style=\"width:100%;height:600px\" aria-label=\"Incrustado de Caminata-master-2024-MEDALLERO-1.\"><\/object><a id=\"wp-block-file--media-0208f706-b8a9-4eb3-abbf-eb4009134a3d\" href=\"https:\/\/mexicoformandocampeones.org\/wp-content\/uploads\/2024\/06\/Caminata-master-2024-MEDALLERO-1.pdf\">Caminata-master-2024-MEDALLERO-1<\/a><a href=\"https:\/\/mexicoformandocampeones.org\/wp-content\/uploads\/2024\/06\/Caminata-master-2024-MEDALLERO-1.pdf\" class=\"wp-block-file__button wp-element-button\" download aria-describedby=\"wp-block-file--media-0208f706-b8a9-4eb3-abbf-eb4009134a3d\">Descarga<\/a><\/div>\n\n\n\n<p class=\"has-text-align-center\"><strong>RESULTADOS DEL NACIONAL M\u00c1STER DE MARCHA Y PRUEBAS DE FONDO TEC\u00c1MAC 2024 <\/strong><\/p>\n\n\n\n<div data-wp-interactive=\"core\/file\" class=\"wp-block-file\"><object data-wp-bind--hidden=\"!state.hasPdfPreview\" hidden class=\"wp-block-file__embed\" data=\"https:\/\/mexicoformandocampeones.org\/wp-content\/uploads\/2024\/06\/Caminata-3k.pdf\" type=\"application\/pdf\" style=\"width:100%;height:600px\" aria-label=\"Incrustado de Caminata-3k.\"><\/object><a id=\"wp-block-file--media-f2fa1bbd-65bd-4eec-9e02-b84ae2d8cda2\" href=\"https:\/\/mexicoformandocampeones.org\/wp-content\/uploads\/2024\/06\/Caminata-3k.pdf\">Caminata-3k<\/a><a href=\"https:\/\/mexicoformandocampeones.org\/wp-content\/uploads\/2024\/06\/Caminata-3k.pdf\" class=\"wp-block-file__button wp-element-button\" download aria-describedby=\"wp-block-file--media-f2fa1bbd-65bd-4eec-9e02-b84ae2d8cda2\">Descarga<\/a><\/div>\n\n\n\n<div data-wp-interactive=\"core\/file\" class=\"wp-block-file\"><object data-wp-bind--hidden=\"!state.hasPdfPreview\" hidden class=\"wp-block-file__embed\" data=\"https:\/\/mexicoformandocampeones.org\/wp-content\/uploads\/2024\/06\/Carrera-5k-1.pdf\" type=\"application\/pdf\" style=\"width:100%;height:600px\" aria-label=\"Incrustado de Carrera-5k-1.\"><\/object><a id=\"wp-block-file--media-d3c79ef5-34c7-4947-aba5-fd0614bfaeb8\" href=\"https:\/\/mexicoformandocampeones.org\/wp-content\/uploads\/2024\/06\/Carrera-5k-1.pdf\">Carrera-5k-1<\/a><a href=\"https:\/\/mexicoformandocampeones.org\/wp-content\/uploads\/2024\/06\/Carrera-5k-1.pdf\" class=\"wp-block-file__button wp-element-button\" download aria-describedby=\"wp-block-file--media-d3c79ef5-34c7-4947-aba5-fd0614bfaeb8\">Descarga<\/a><\/div>\n\n\n\n<div data-wp-interactive=\"core\/file\" class=\"wp-block-file\"><object data-wp-bind--hidden=\"!state.hasPdfPreview\" hidden class=\"wp-block-file__embed\" data=\"https:\/\/mexicoformandocampeones.org\/wp-content\/uploads\/2024\/06\/Caminata-10k.pdf\" type=\"application\/pdf\" style=\"width:100%;height:600px\" aria-label=\"Incrustado de Caminata-10k.\"><\/object><a id=\"wp-block-file--media-1cd5f659-fe01-457d-87f3-a8ea73b25d69\" href=\"https:\/\/mexicoformandocampeones.org\/wp-content\/uploads\/2024\/06\/Caminata-10k.pdf\">Caminata-10k<\/a><a href=\"https:\/\/mexicoformandocampeones.org\/wp-content\/uploads\/2024\/06\/Caminata-10k.pdf\" class=\"wp-block-file__button wp-element-button\" download aria-describedby=\"wp-block-file--media-1cd5f659-fe01-457d-87f3-a8ea73b25d69\">Descarga<\/a><\/div>\n\n\n\n<div data-wp-interactive=\"core\/file\" class=\"wp-block-file\"><object data-wp-bind--hidden=\"!state.hasPdfPreview\" hidden class=\"wp-block-file__embed\" data=\"https:\/\/mexicoformandocampeones.org\/wp-content\/uploads\/2024\/06\/Caminata-20k.pdf\" type=\"application\/pdf\" style=\"width:100%;height:600px\" aria-label=\"Incrustado de Caminata-20k.\"><\/object><a id=\"wp-block-file--media-294a2018-9e3c-4160-a1cf-0f23627da5c3\" href=\"https:\/\/mexicoformandocampeones.org\/wp-content\/uploads\/2024\/06\/Caminata-20k.pdf\">Caminata-20k<\/a><a href=\"https:\/\/mexicoformandocampeones.org\/wp-content\/uploads\/2024\/06\/Caminata-20k.pdf\" class=\"wp-block-file__button wp-element-button\" download aria-describedby=\"wp-block-file--media-294a2018-9e3c-4160-a1cf-0f23627da5c3\">Descarga<\/a><\/div>\n\n\n\n<div data-wp-interactive=\"core\/file\" class=\"wp-block-file\"><object data-wp-bind--hidden=\"!state.hasPdfPreview\" hidden class=\"wp-block-file__embed\" data=\"https:\/\/mexicoformandocampeones.org\/wp-content\/uploads\/2024\/06\/10k-Carrera.pdf\" type=\"application\/pdf\" style=\"width:100%;height:600px\" aria-label=\"Incrustado de 10k-Carrera.\"><\/object><a id=\"wp-block-file--media-57fc52a6-979d-41cd-9acb-3bdb017dfa5e\" href=\"https:\/\/mexicoformandocampeones.org\/wp-content\/uploads\/2024\/06\/10k-Carrera.pdf\">10k-Carrera<\/a><a href=\"https:\/\/mexicoformandocampeones.org\/wp-content\/uploads\/2024\/06\/10k-Carrera.pdf\" class=\"wp-block-file__button wp-element-button\" download aria-describedby=\"wp-block-file--media-57fc52a6-979d-41cd-9acb-3bdb017dfa5e\">Descarga<\/a><\/div>\n\n\n\n<div data-wp-interactive=\"core\/file\" class=\"wp-block-file\"><object data-wp-bind--hidden=\"!state.hasPdfPreview\" hidden class=\"wp-block-file__embed\" data=\"https:\/\/mexicoformandocampeones.org\/wp-content\/uploads\/2024\/06\/21k-Carrera.pdf\" type=\"application\/pdf\" style=\"width:100%;height:600px\" aria-label=\"Incrustado de 21k-Carrera.\"><\/object><a id=\"wp-block-file--media-bfaca98a-e6ac-49ce-89c2-7ae38eb8db37\" href=\"https:\/\/mexicoformandocampeones.org\/wp-content\/uploads\/2024\/06\/21k-Carrera.pdf\">21k-Carrera<\/a><a href=\"https:\/\/mexicoformandocampeones.org\/wp-content\/uploads\/2024\/06\/21k-Carrera.pdf\" class=\"wp-block-file__button wp-element-button\" download aria-describedby=\"wp-block-file--media-bfaca98a-e6ac-49ce-89c2-7ae38eb8db37\">Descarga<\/a><\/div>\n\n\n\n<p class=\"has-text-align-center\"><strong>RESULTADOS DEL CIRCUITO INTERNACIONAL DE MARCHA TEC\u00c1MAC 2024 CARLOS MERCENARIO CARBAJAL<\/strong><\/p>\n\n\n\n<div data-wp-interactive=\"core\/file\" class=\"wp-block-file\"><object data-wp-bind--hidden=\"!state.hasPdfPreview\" hidden class=\"wp-block-file__embed\" data=\"https:\/\/mexicoformandocampeones.org\/wp-content\/uploads\/2024\/05\/RESULTADOS-FINALES-CIRCUITO-CARLOS-MERCENARIO-21-05-2024.pdf\" type=\"application\/pdf\" style=\"width:100%;height:600px\" aria-label=\"Incrustado de RESULTADOS-FINALES-CIRCUITO-CARLOS-MERCENARIO-21-05-2024.\"><\/object><a id=\"wp-block-file--media-b0df97df-897b-402d-bb71-4fc559ad0874\" href=\"https:\/\/mexicoformandocampeones.org\/wp-content\/uploads\/2024\/05\/RESULTADOS-FINALES-CIRCUITO-CARLOS-MERCENARIO-21-05-2024.pdf\">RESULTADOS-FINALES-CIRCUITO-CARLOS-MERCENARIO-21-05-2024<\/a><a href=\"https:\/\/mexicoformandocampeones.org\/wp-content\/uploads\/2024\/05\/RESULTADOS-FINALES-CIRCUITO-CARLOS-MERCENARIO-21-05-2024.pdf\" class=\"wp-block-file__button wp-element-button\" download aria-describedby=\"wp-block-file--media-b0df97df-897b-402d-bb71-4fc559ad0874\">Descarga<\/a><\/div>\n","protected":false},"excerpt":{"rendered":"<p>RESULTADOS DEL NACIONAL M\u00c1STER DE MARCHA Y PRUEBAS DE FONDO TEC\u00c1MAC 2024 RESULTADOS DEL CIRCUITO INTERNACIONAL DE MARCHA TEC\u00c1MAC 2024 [&hellip;]<\/p>\n","protected":false},"author":1,"featured_media":0,"parent":0,"menu_order":0,"comment_status":"closed","ping_status":"closed","template":"","meta":{"content-type":"","site-sidebar-layout":"default","site-content-layout":"","ast-site-content-layout":"","site-content-style":"default","site-sidebar-style":"default","ast-global-header-display":"","ast-banner-title-visibility":"","ast-main-header-display":"","ast-hfb-above-header-display":"","ast-hfb-below-header-display":"","ast-hfb-mobile-header-display":"","site-post-title":"","ast-breadcrumbs-content":"","ast-featured-img":"","footer-sml-layout":"","theme-transparent-header-meta":"","adv-header-id-meta":"","stick-header-meta":"","header-above-stick-meta":"","header-main-stick-meta":"","header-below-stick-meta":"","astra-migrate-meta-layouts":"default","ast-page-background-enabled":"default","ast-page-background-meta":{"desktop":{"background-color":"var(--ast-global-color-4)","background-image":"","background-repeat":"repeat","background-position":"center center","background-size":"auto","background-attachment":"scroll","background-type":"","background-media":"","overlay-type":"","overlay-color":"","overlay-gradient":""},"tablet":{"background-color":"","background-image":"","background-repeat":"repeat","background-position":"center center","background-size":"auto","background-attachment":"scroll","background-type":"","background-media":"","overlay-type":"","overlay-color":"","overlay-gradient":""},"mobile":{"background-color":"","background-image":"","background-repeat":"repeat","background-position":"center center","background-size":"auto","background-attachment":"scroll","background-type":"","background-media":"","overlay-type":"","overlay-color":"","overlay-gradient":""}},"ast-content-background-meta":{"desktop":{"background-color":"var(--ast-global-color-5)","background-image":"","background-repeat":"repeat","background-position":"center center","background-size":"auto","background-attachment":"scroll","background-type":"","background-media":"","overlay-type":"","overlay-color":"","overlay-gradient":""},"tablet":{"background-color":"var(--ast-global-color-5)","background-image":"","background-repeat":"repeat","background-position":"center center","background-size":"auto","background-attachment":"scroll","background-type":"","background-media":"","overlay-type":"","overlay-color":"","overlay-gradient":""},"mobile":{"background-color":"var(--ast-global-color-5)","background-image":"","background-repeat":"repeat","background-position":"center center","background-size":"auto","background-attachment":"scroll","background-type":"","background-media":"","overlay-type":"","overlay-color":"","overlay-gradient":""}},"footnotes":""},"class_list":["post-350","page","type-page","status-publish","hentry"],"_links":{"self":[{"href":"https:\/\/mexicoformandocampeones.org\/index.php\/wp-json\/wp\/v2\/pages\/350","targetHints":{"allow":["GET"]}}],"collection":[{"href":"https:\/\/mexicoformandocampeones.org\/index.php\/wp-json\/wp\/v2\/pages"}],"about":[{"href":"https:\/\/mexicoformandocampeones.org\/index.php\/wp-json\/wp\/v2\/types\/page"}],"author":[{"embeddable":true,"href":"https:\/\/mexicoformandocampeones.org\/index.php\/wp-json\/wp\/v2\/users\/1"}],"replies":[{"embeddable":true,"href":"https:\/\/mexicoformandocampeones.org\/index.php\/wp-json\/wp\/v2\/comments?post=350"}],"version-history":[{"count":7,"href":"https:\/\/mexicoformandocampeones.org\/index.php\/wp-json\/wp\/v2\/pages\/350\/revisions"}],"predecessor-version":[{"id":641,"href":"https:\/\/mexicoformandocampeones.org\/index.php\/wp-json\/wp\/v2\/pages\/350\/revisions\/641"}],"wp:attachment":[{"href":"https:\/\/mexicoformandocampeones.org\/index.php\/wp-json\/wp\/v2\/media?parent=350"}],"curies":[{"name":"wp","href":"https:\/\/api.w.org\/{rel}","templated":true}]}}